{"id":1545,"date":"2019-06-04T14:33:14","date_gmt":"2019-06-04T11:33:14","guid":{"rendered":"http:\/\/biciumotineles.lt\/?page_id=1545"},"modified":"2021-04-05T19:52:57","modified_gmt":"2021-04-05T16:52:57","slug":"taisykles","status":"publish","type":"page","link":"https:\/\/biciumotineles.lt\/en\/terms\/","title":{"rendered":"Terms and Conditions"},"content":{"rendered":"<p><span style=\"color: #000000;\"><strong>Terms and Conditions of Purchase<\/strong><\/span><\/p>\n<ol>\n<li style=\"list-style-type: none;\">\n<ol>\n<li><span style=\"color: #000000;\"><b>Personal data protection.<\/b><\/span><br \/>\n<span style=\"color: #000000;\">1.1. The Buyer can order products\nthrough the e-shop by:<\/span><br \/>\n<span style=\"color: #000000;\">1.1.1. registering at this e-shop \u2014 by\nentering the data requested at\nregistration;<\/span><br \/>\n<span style=\"color: #000000;\">1.1.2. not registering at this e-shop.<\/span><br \/>\n<span style=\"color: #000000;\">1.2. By ordering products using the\nmethods laid out in item 2.1. of these\nTerms and Conditions, the Buyer must\nenter the following personal\ninformation, necessary for the\nappropriate execution of the order:\nname, surname, delivery address,\ntelephone number and email.<\/span><br \/>\n<span style=\"color: #000000;\">1.3. By consenting to these Terms and Conditions, the Buyer agrees that the Buyer\u2019s personal information, as indicated in item 2.2. of these Terms and Conditions, will be processed for the purposes of selling products and services through the e-shop, the Seller\u2019s business analysis and direct\nmarketing.<\/span><br \/>\n<span style=\"color: #000000;\">1.4. By agreeing to the Buyer\u2019s personal data being processed for the purpose of selling products and\nservices through the Seller\u2019s e-shop, the Buyer also agrees to informational messages necessary to the fulfilment of their order being sent to the Buyer\u2019s\nindicated email address and telephone number.<\/span><br \/>\n<span style=\"color: #000000;\">1.5. By registering at the e-shop and ordering products, the Buyer undertakes to keep his log-in data secret and not pass this information on to others.<\/span><\/li>\n<li><span style=\"color: #000000;\"><b>The Buyer\u2019s rights and obligations.<\/b><\/span><br \/>\n<span style=\"color: #000000;\">2.1. The Buyer has the right to purchase products at this e-shop according to the rules set out by these Terms and Conditions as well as the terms and conditions laid out in the e- shop's other informational sections.<\/span><br \/>\n<span style=\"color: #000000;\">2.2. The Buyer has the right to withdraw from the sale and purchase agreement with the e-shop if the Buyer notifies the Seller in writing (by email,\nindicating the product they wish to return and its order number) no later than 14 (fourteen) business days from the date of product delivery, except for\nin cases when the agreement cannot be withdrawn from, as stipulated by the laws of the Republic of Lithuania (e.g., when the agreement is made for the purchase of hygiene products such as bedding; see information presented on the website of the State Consumer Rights Protection Service: https:\/\/www.vvtat.lt\/en\/fields-of- activity\/non food-products\/consumer-rights-and-guarantee\/733).<\/span><br \/>\n<span style=\"color: #000000;\">2.3. The Buyer\u2019s right stipulated in point 2.2 of these Terms and Conditions can only be invoked if the product has not been damaged, its appearance has not essentially altered, and it has not been used.<\/span><br \/>\n<span style=\"color: #000000;\">2.4. The Buyer undertakes to accept the ordered products and pay the agreed-upon amount for them.<\/span><br \/>\n<span style=\"color: #000000;\">2.5. If the data indicated in the Buyer registration form changes, the Buyer must immediately update their information.<\/span><br \/>\n<span style=\"color: #000000;\">2.6. The Buyer undertakes to not pass their log-in data on to third parties. If the Buyer loses their log-in data, they shall immediately inform the Seller of this via the contact information indicated in the \u2018Contact\u2019 section.<\/span><br \/>\n<span style=\"color: #000000;\">2.7. By using the e-shop, the Buyer gives their consent to these Terms and Conditions of Sale and Purchase and is bound to comply with them and the law of the Republic of Lithuania.<\/span><\/li>\n<li><span style=\"color: #000000;\"><b>The Seller\u2019s rights and obligations.<\/b><\/span><br \/>\n<span style=\"color: #000000;\">3.1. The Seller undertakes to provide the Buyer with all the conditions necessary to appropriately use the services provided by the e-shop.<\/span><br \/>\n<span style=\"color: #000000;\">3.2. If the Buyer attempts to interfere with the functional stability or security of the Seller\u2019s e-shop or violates their obligations, the Seller has the right to immediately and without warning restrict or terminate the Buyer\u2019s access to the e-shop\u2019s services or, in exceptional cases, terminate the Buyer\u2019s registration.<\/span><br \/>\n<span style=\"color: #000000;\">3.3. The Seller undertakes to respect the Buyer\u2019s right to privacy to the Buyer\u2019s personal information indicated in the e-shop registration form.<\/span><br \/>\n<span style=\"color: #000000;\">3.4. The Seller undertakes to deliver the products ordered by the Buyer to the address indicated by the Buyer.<\/span><\/li>\n<li><span style=\"color: #000000;\"><b>Terms of purchase<\/b><\/span><br \/>\n<span style=\"color: #000000;\">4.1. The Buyer can purchase products on the e-shop at any time of day or night, 7 days a week.<\/span><br \/>\n<span style=\"color: #000000;\">4.2. The agreement comes into force from the moment the Buyer clicks on the \u2018Confirm order\u2019 button, and the Seller confirms that they have received this order by sending a confirmation\nletter to the email address indicated by the Buyer.<\/span><br \/>\n<span style=\"color: #000000;\">4.3. Both in the e-shop and the order form, product prices are indicated in euros.<\/span><\/li>\n<li><span style=\"color: #000000;\"><strong>Terms of sale<\/strong><\/span><br \/>\n<span style=\"color: #000000;\">5.1. The Buyer pays for products in\none of the following ways:<\/span><br \/>\n<span style=\"color: #000000;\">5.1.1. Paying by wire transfer: this is a payment in advance, wherein the Buyer prints their order and, at their nearest bank branch, wires the requisite amount of money to the e- shop\u2019s bank account.<\/span><br \/>\n<span style=\"color: #000000;\">5.1.2. Paying through the electronic Paysera (mok\u0117jimai.lt) payment system, wherein the Buyer undertakes to pay for the products immediately. It\nis only when the Buyer\u2019s payment is received that the ordered products are prepared for delivery and the product delivery period is started.<\/span><\/li>\n<li><span style=\"color: #000000;\"><b>Terms of delivery.<\/b><\/span><br \/>\n<span style=\"color: #000000;\">6.1. The Seller delivers products to all destinations in Lithuania.<\/span><br \/>\n<span style=\"color: #000000;\">6.2. Upon selecting the product delivery services, the Buyer undertakes to indicate an accurate product delivery address, postal code, contact telephone number and other additional information (stairwell door combination, etc.).<\/span><br \/>\n<span style=\"color: #000000;\">6.3. The Buyer undertakes to accept the delivered products themselves. If the Buyer cannot accept the delivered products, and the products are\ndelivered to the address indicated, the Buyer does not have the right to make claims against the Seller for the delivery of products to the wrong\nsubject.<\/span><br \/>\n<span style=\"color: #000000;\">6.4.\u00a0The Buyer undertakes to accept the delivered products the day after receiving a notification that the order will be delivered. If the Buyer does not\naccept and\/or pick up the delivery, the delivery is repeated. The Seller has the right to place a fee on the Buyer for repeat deliveries, if additional costs are incurred due to the repeat deliveries.<\/span><br \/>\n<span style=\"color: #000000;\">6.5. The products are delivered by the Seller, the authorised representative of the Seller (a delivery service) or an employee of Lietuvos Pa\u0161tas, AB. The\nBuyer has the opportunity to select their preferred delivery method as they place their order at the\nbiciumotineles.lt e-shop.<\/span><br \/>\n<span style=\"color: #000000;\">6.6. The Seller delivers the products to the Buyer in keeping with the delivery deadlines indicated in the Product descriptions. In exceptional cases, product delivery may be delayed due to unforeseeable circumstances beyond the Seller\u2019s control. In such cases, the Seller undertakes to\nimmediately notify the Buyer and make arrangements with them for the delivery of their order. In all cases, the Seller is relieved of their obligations for failing to meet product delivery\ndeadlines if the products are not delivered to the Buyer or are delivered late due to the fault of the Buyer or due to the circumstances beyond the\nSeller\u2019s control.<\/span><br \/>\n<span style=\"color: #000000;\">6.7. If, during the delivery, the Buyer notices damage to the packaging, they are obliged to record the presence of this damage in the package delivery document presented by the delivery person or write up a separate document detailing the damage. The Buyer shall do this in the presence of the delivery person. If such action is not taken, the Seller is released of their responsibility towards the Buyer with regard to damage to the product as a result of damage to its packaging that was not noted by the Buyer in the\ndelivery person\u2019s delivery documents.<\/span><br \/>\n<span style=\"color: #000000;\">6.8. When the order has already been shipped, the Buyer cannot, of their own accord, change their delivery address. If the delivery location is changed in personal communication with the delivery person or the delivery service, the Seller shall not be held liable for the achievement of delivery deadlines and has the right to additionally bill the\nBuyer for additional costs incurred due to the customer\u2019s independent change of address once the order has been shipped. Such costs can be covered by presenting the Buyer with an additional invoice or subtracting the cost from the payment for a product return.<\/span><\/li>\n<li><span style=\"color: #000000;\"><b>Product quality, guarantees.<\/b><\/span><br \/>\n<span style=\"color: #000000;\">7.1. The product information for every product available for sale on the biciumotineles.lt e-shop is presented in the product description section\nalongside each product.<\/span><br \/>\n<span style=\"color: #000000;\">7.2. The Seller shall not be held liable for discrepancies of colour, form or other parameters of the products in its e-shop that arise from the properties of the screen used by the Buyer.<\/span><br \/>\n<span style=\"color: #000000;\">7.3. Certain products have a certain shelf life, indicated on the product packaging.<\/span><br \/>\n<span style=\"color: #000000;\">7.4. In cases, when in accordance with the law, a certain shelf life is set for certain products, the Seller is obliged to sell these products to the Buyer, so that it is actually possible for the Buyer\nto consume the product before the product\u2019s shelf life is over.<\/span><\/li>\n<li><span style=\"color: #000000;\"><b>Returns.<\/b><\/span><br \/>\n<span style=\"color: #000000;\">8.1. Product returns are conducted in accordance with the rules for retail set by resolution No. 738 of the Government of the Republic of Lithuania issued on 22 July 2014 (Official Gazette, 2014, No. 2014- 10565).<\/span><br \/>\n<span style=\"color: #000000;\">8.2. If the Buyer wishes to return a\nproduct(s) in accordance with point\n8.1. of these Terms and Conditions, the Buyer can do so within 14 (fourteen) business days of the delivery date, informing the Seller via the email indicated in the contact section, filling in a special product exchange-returns form, and indicating\nin it the name of the product being returned, the order number and the reasons the product is being returned.<\/span><br \/>\n<span style=\"color: #000000;\">8.3. The refund will be paid to the Buyer\u2019s indicated bank account no later than 14 days from the day the product was returned and the refund\ndocuments were successfully filled in and submitted.<\/span><br \/>\n<span style=\"color: #000000;\">8.4. For a return to be valid, the Buyer must meet the following conditions:<\/span><br \/>\n<span style=\"color: #000000;\">8.4.1. the product being returned must be in its original packaging, which should not be damaged;<\/span><br \/>\n<span style=\"color: #000000;\">8.4.2. the product must not have been damaged by the Buyer;<\/span><br \/>\n<span style=\"color: #000000;\">8.4.3. the product must not have been used and must not have lost its marketable appearance (labels not damaged, protective packaging not\ntorn, etc.) (this point does not apply if the product being returned was of poor quality);<\/span><br \/>\n<span style=\"color: #000000;\">8.4.4. the product being returned must be returned with its original product set;<\/span><br \/>\n<span style=\"color: #000000;\">8.4.5. proof of purchase must be provided.<\/span><br \/>\n<span style=\"color: #000000;\">8.5. The Seller reserves the right to not accept a return if the Buyer does not comply with the product returns procedure laid out in article 8.3.<\/span><br \/>\n<span style=\"color: #000000;\">8.6. When the wrong product and\/or a product of poor quality is returned, the Seller shall be obliged to accept such a product(s) and exchange it for the right product\/an analogous product of suitable quality.<\/span><br \/>\n<span style=\"color: #000000;\">8.7. If the Seller does not have any\nproducts suitable for replacement, the\nBuyer shall receive a refund for the\nproduct, including the cost of delivery.<\/span><\/li>\n<li><span style=\"color: #000000;\"><b>Liability of the Buyer and Seller.<\/b><\/span><br \/>\n<span style=\"color: #000000;\">9.1. The Buyer is fully liable for the accuracy of the personal information\nthey provide to the Seller. If the Buyer\ndoes not provide accurate personal\ninformation on the registration form,\nthe Seller shall not be held liable for\nthe consequences thereof and\nacquires the right to demand\ncompensation for direct losses from\nthe Buyer.<\/span><br \/>\n<span style=\"color: #000000;\">9.2. The Buyer is liable for their actions\nusing this e-shop.<\/span><br \/>\n<span style=\"color: #000000;\">9.3. A registered Buyer is liable for the\ntransmission of their log-in information\nto third parties. If a third party uses the\nservices provided by the e-shop using\nthe log-in data of the Buyer, the Seller\nshall consider this person the Buyer.<\/span><br \/>\n<span style=\"color: #000000;\">9.4. The Seller is released from any\nliability if losses result from the Buyer\nnot taking into account the Seller\u2019s\nrecommendations and Buyer\u2019s\nliabilities, and not having acquainted\nthemselves with these Terms and\nConditions, even though they were\ngiven an opportunity to do so.<\/span><br \/>\n<span style=\"color: #000000;\">9.5. If there are links to the websites of\nother companies, institutions,\norganisations or personal websites on\nthe website of the Seller\u2019s e-shop, the\nSeller is not held liable for the\ninformation or activity therein; the\nSeller does not oversee these\nwebsites, control them or represent\nthose companies or persons.<\/span><br \/>\n<span style=\"color: #000000;\">9.6. If losses are incurred, the guilty\nParty compensates the direct losses\nincurred by the other Party.<\/span><\/li>\n<li><span style=\"color: #000000;\"><b>Marketing and information.<\/b><\/span><br \/>\n<span style=\"color: #000000;\">10.1. The Seller can, at their own\ndiscretion, initiate various promotions\non their e-shop.<\/span><br \/>\n<span style=\"color: #000000;\">10.2. The Seller has the unilateral right\nto revise the conditions of these\npromotions or terminate them without\nseparate warning. Any changes or\nterminations made to promotional\nconditions or procedures are only\napplicable from the time point they are\ninstated.<\/span><br \/>\n<span style=\"color: #000000;\">10.3. The Seller shall send all\nnotifications to the contacts indicated\nby the Buyer on their registration form.<\/span><br \/>\n<span style=\"color: #000000;\">10.4. The Buyer shall send all\nmessages and questions to the Seller\nvia the telephone numbers and email\naddresses indicated in the &#039;Contact&#039;\nsection of the Seller\u2019s e-shop.<\/span><br \/>\n<span style=\"color: #000000;\">10.5. The Seller is not to be held liable\nfor disruptions that arise from the\nBuyer not receiving sent informational\nor confirmation messages due to\ninternet connection or email service\nprovider network failures.<\/span><\/li>\n<li><span style=\"color: #000000;\"><b>Final provisions.<\/b><\/span><br \/>\n<span style=\"color: #000000;\">11.1. These Terms and Conditions of\nSale and Purchase have been drawn\nup in accordance with laws and legal\ndocuments of the Republic of\nLithuania.<\/span><br \/>\n<span style=\"color: #000000;\">11.2. All disputes over compliance to\nthese Terms and Conditions are\nresolved by way of negotiation. If\nnegotiation fails, disputes are resolved\naccording to procedures set by the\nlaws of the Republic of Lithuania.<\/span><\/li>\n<\/ol>\n<\/li>\n<\/ol>","protected":false},"excerpt":{"rendered":"<p>Pirkimo taisykl\u0117s ir s\u0105lygos Asmens duomen\u0173 apsauga. 1.1. U\u017esisakyti prekes el. parduotuv\u0117je Pirk\u0117jas gali: 1.1.1. u\u017esiregistruodamas \u0161ioje el. parduotuv\u0117je \u2013<\/p>","protected":false},"author":60,"featured_media":0,"parent":0,"menu_order":0,"comment_status":"closed","ping_status":"closed","template":"","meta":{"footnotes":""},"class_list":["post-1545","page","type-page","status-publish","hentry"],"_links":{"self":[{"href":"https:\/\/biciumotineles.lt\/en\/wp-json\/wp\/v2\/pages\/1545","targetHints":{"allow":["GET"]}}],"collection":[{"href":"https:\/\/biciumotineles.lt\/en\/wp-json\/wp\/v2\/pages"}],"about":[{"href":"https:\/\/biciumotineles.lt\/en\/wp-json\/wp\/v2\/types\/page"}],"author":[{"embeddable":true,"href":"https:\/\/biciumotineles.lt\/en\/wp-json\/wp\/v2\/users\/60"}],"replies":[{"embeddable":true,"href":"https:\/\/biciumotineles.lt\/en\/wp-json\/wp\/v2\/comments?post=1545"}],"version-history":[{"count":0,"href":"https:\/\/biciumotineles.lt\/en\/wp-json\/wp\/v2\/pages\/1545\/revisions"}],"wp:attachment":[{"href":"https:\/\/biciumotineles.lt\/en\/wp-json\/wp\/v2\/media?parent=1545"}],"curies":[{"name":"wp","href":"https:\/\/api.w.org\/{rel}","templated":true}]}}