{"id":2165,"date":"2021-04-04T11:47:46","date_gmt":"2021-04-04T08:47:46","guid":{"rendered":"http:\/\/biciumotineles.lt\/?page_id=2165"},"modified":"2021-04-05T19:51:35","modified_gmt":"2021-04-05T16:51:35","slug":"privatumo-politika","status":"publish","type":"page","link":"https:\/\/biciumotineles.lt\/en\/privacy-policy\/","title":{"rendered":"Privacy Policy"},"content":{"rendered":"<p><span style=\"color: #000000;\"><b><strong>General terms and conditions<\/strong><\/b><\/span><br \/>\n<span style=\"color: #000000;\">These terms and conditions of purchase\n(hereinafter \u201cTerms\u201d) is a legal document binding\non the Parties and determines the rights, duties\nand obligations of the Buyer and the Seller when\nthe Buyer purchases products from the e-shop.<\/span><\/p>\n<p><span style=\"color: #000000;\">The Seller reserves the right to revise, amend or\nadd to the Terms at any time according to\napplicable legal requirements. The Buyer is\ninformed on the e-shop website. The Terms apply\nwhenever the Buyer shops at the e-shop, and\nduring the placement of their order.<\/span><\/p>\n<p><span style=\"color: #000000;\">The following persons have the right to make\npurchases at the e-shop:<\/span><\/p>\n<ul>\n<li><span style=\"color: #000000;\">natural persons of capacity, i.e., persons\nwho are of age and whose capacity has\nnot been limited in court;<\/span><\/li>\n<li><span style=\"color: #000000;\">under-age persons between the ages of\n14 and 18, if they have the permission of\ntheir parents or carers, except in those\ncases when they independently manage their income;<\/span><\/li>\n<li><span style=\"color: #000000;\">legal persons;<\/span><\/li>\n<li><span style=\"color: #000000;\">the authorised representatives of all of the\nabove.<\/span><\/li>\n<\/ul>\n<p><span style=\"color: #000000;\">By confirming these Terms, the Buyer also\nguarantees that, based on point 1.3 of these\nTerms, the Buyer has the right to purchase\nproducts at the e-shop.<\/span><\/p>\n<p><span style=\"color: #000000;\">The agreement between the Buyer and Seller is\nconsidered in force from the moment the Buyer,\nhaving completed their basket, indicated their\naddress, selected a payment method and read\nthe Seller\u2019s Terms, presses the button \u2018Confirm\norder\u2019 (see Article 4 \u2018Terms of Purchase\u2019).<\/span><\/p>\n<p><span style=\"color: #000000;\">Every agreement between the Buyer and the\nSeller is stored at the e-shop.<\/span><\/p>","protected":false},"excerpt":{"rendered":"<p>Bendrin\u0117s nuostatos \u0160ios preki\u0173 pirkimo \u2013 pardavimo taisykl\u0117s (toliau \u2013 Taisykl\u0117s) yra \u0160alims privalomas teisinis dokumentas, kuris nustato Pirk\u0117jo ir<\/p>","protected":false},"author":2,"featured_media":0,"parent":0,"menu_order":0,"comment_status":"closed","ping_status":"closed","template":"","meta":{"footnotes":""},"class_list":["post-2165","page","type-page","status-publish","hentry"],"_links":{"self":[{"href":"https:\/\/biciumotineles.lt\/en\/wp-json\/wp\/v2\/pages\/2165","targetHints":{"allow":["GET"]}}],"collection":[{"href":"https:\/\/biciumotineles.lt\/en\/wp-json\/wp\/v2\/pages"}],"about":[{"href":"https:\/\/biciumotineles.lt\/en\/wp-json\/wp\/v2\/types\/page"}],"author":[{"embeddable":true,"href":"https:\/\/biciumotineles.lt\/en\/wp-json\/wp\/v2\/users\/2"}],"replies":[{"embeddable":true,"href":"https:\/\/biciumotineles.lt\/en\/wp-json\/wp\/v2\/comments?post=2165"}],"version-history":[{"count":0,"href":"https:\/\/biciumotineles.lt\/en\/wp-json\/wp\/v2\/pages\/2165\/revisions"}],"wp:attachment":[{"href":"https:\/\/biciumotineles.lt\/en\/wp-json\/wp\/v2\/media?parent=2165"}],"curies":[{"name":"wp","href":"https:\/\/api.w.org\/{rel}","templated":true}]}}